{"id":921,"date":"2019-01-31T11:14:37","date_gmt":"2019-01-31T16:14:37","guid":{"rendered":"https:\/\/staging.delessard.com\/?page_id=921"},"modified":"2019-11-14T14:23:56","modified_gmt":"2019-11-14T19:23:56","slug":"restaurants-cafes","status":"publish","type":"page","link":"https:\/\/delessard.com\/fr\/design-interieur-commercial\/restaurants-cafes\/","title":{"rendered":"Design et am\u00e9nagement int\u00e9rieur pour restaurants et caf\u00e9s"},"content":{"rendered":"","protected":false},"excerpt":{"rendered":"","protected":false},"author":1,"featured_media":0,"parent":919,"menu_order":0,"comment_status":"closed","ping_status":"closed","template":"flexible-page.php","meta":{"_acf_changed":false,"footnotes":""},"class_list":["post-921","page","type-page","status-publish","hentry"],"acf":[],"_links":{"self":[{"href":"https:\/\/delessard.com\/fr\/wp-json\/wp\/v2\/pages\/921","targetHints":{"allow":["GET"]}}],"collection":[{"href":"https:\/\/delessard.com\/fr\/wp-json\/wp\/v2\/pages"}],"about":[{"href":"https:\/\/delessard.com\/fr\/wp-json\/wp\/v2\/types\/page"}],"author":[{"embeddable":true,"href":"https:\/\/delessard.com\/fr\/wp-json\/wp\/v2\/users\/1"}],"replies":[{"embeddable":true,"href":"https:\/\/delessard.com\/fr\/wp-json\/wp\/v2\/comments?post=921"}],"version-history":[{"count":15,"href":"https:\/\/delessard.com\/fr\/wp-json\/wp\/v2\/pages\/921\/revisions"}],"predecessor-version":[{"id":1727,"href":"https:\/\/delessard.com\/fr\/wp-json\/wp\/v2\/pages\/921\/revisions\/1727"}],"up":[{"embeddable":true,"href":"https:\/\/delessard.com\/fr\/wp-json\/wp\/v2\/pages\/919"}],"wp:attachment":[{"href":"https:\/\/delessard.com\/fr\/wp-json\/wp\/v2\/media?parent=921"}],"curies":[{"name":"wp","href":"https:\/\/api.w.org\/{rel}","templated":true}]}}