{"id":18,"date":"2014-10-07T13:47:06","date_gmt":"2014-10-07T17:47:06","guid":{"rendered":"http:\/\/delessard.com\/?page_id=18"},"modified":"2019-10-04T13:44:24","modified_gmt":"2019-10-04T17:44:24","slug":"prix-distinctions","status":"publish","type":"page","link":"https:\/\/delessard.com\/fr\/a-propos\/prix-distinctions\/","title":{"rendered":"Nos prix et distinctions de design d&rsquo;int\u00e9rieur"},"content":{"rendered":"<h2>PRIX<\/h2>\n<p><strong>2019 Prix Bois Design <\/strong>\/ Qu\u00e9bec &#8211; Canada<br \/>\nLaur\u00e9at Bois d\u2019Argent &#8211; Bureau Jean de Lessard \u2013 Designers Cr\u00e9atifs<\/p>\n<p><strong>2019&nbsp;GRAND&nbsp;PRIX DU DESIGN<\/strong>&nbsp;\/&nbsp;Montr\u00e9al&nbsp;&#8211;&nbsp;Canada<br \/>\nCouleur &#8211; Bureau ManyVids<\/p>\n<p><strong>2018&nbsp;GRAND&nbsp;PRIX DU DESIGN<\/strong>&nbsp;\/&nbsp;Montr\u00e9al&nbsp;&#8211;&nbsp;Canada<br \/>\nCaf\u00e9&nbsp;&#8211; The Standard Cafe<\/p>\n<p><strong>2018&nbsp;Restaurants &amp; Bars Design Awards<\/strong>&nbsp;\/&nbsp;London &#8211;&nbsp;UK<br \/>\nShortlist&nbsp;&#8211;&nbsp;Ganadara Bar<\/p>\n<p><strong>2018&nbsp;Best of Minimalist Interior Design<\/strong>&nbsp;\/&nbsp;London&nbsp;&#8211;&nbsp;UK<br \/>\nCaf\u00e9&nbsp;&#8211; The Standard Cafe<\/p>\n<p><strong>2017 Best of Canada Design Awards<\/strong>&nbsp;\/ Toronto&nbsp;&#8211;&nbsp;Canada<br \/>\nHospitality &#8211; The Standard Cafe<\/p>\n<p><strong>2017 30 Design Studios Making Their Marks<\/strong>&nbsp;\/ Toronto&nbsp;&#8211;&nbsp;Canada<br \/>\nAzure Magazine<\/p>\n<p><strong>2016 A.R.E.<\/strong>&nbsp;\/ Las Vegas&nbsp;&#8211; \u00c9-U<br \/>\nGrand Prize-Specialty&nbsp;Food Retailer-&nbsp;Poissonnerie Nemeau<\/p>\n<p><strong>2016 GRAND PRIX DU DESIGN<\/strong>&nbsp;\/ Montr\u00e9al&nbsp;&#8211;&nbsp;Canada<br \/>\nCommerce&nbsp;-1600pi&nbsp;&#8211;&nbsp;Poissonnerie Nemeau<\/p>\n<p><strong>2016 GRAND PRIX DU DESIGN<\/strong>&nbsp;\/ Montr\u00e9al&nbsp;&#8211;&nbsp;Canada<br \/>\nCommerce&nbsp;+5000pi&nbsp;&#8211; Pharmacie Uniprix DIX30<\/p>\n<p><strong>2015 GRAND PRIX DU DESIGN<\/strong>&nbsp;\/ Montr\u00e9al&nbsp;&#8211;&nbsp;Canada<br \/>\nRestaurant -2000pi&nbsp;&#8211;&nbsp;Izakaya Kinoya<\/p>\n<p><strong>2015 GRAND PRIX DU DESIGN<\/strong>&nbsp;\/ Montr\u00e9al&nbsp;&#8211;&nbsp;Canada<br \/>\nValorisation du bois&nbsp;&#8211;&nbsp;Izakaya Kinoya<\/p>\n<p><strong>2014 INTERIOR DESIGN BEST OF YEAR<\/strong>&nbsp;\/ New York &#8211; \u00c9-U<br \/>\nMerit&nbsp;&#8211; Bicom communication<\/p>\n<p><strong>2014 INTERIOR DESIGN BEST OF YEAR<\/strong>&nbsp;\/ New York &#8211;&nbsp;\u00c9-U<br \/>\nFinalist&nbsp;&#8211;&nbsp;Casual Dining-Izakaya Kinoya<\/p>\n<p><strong>2014 ICONIC AWARDS<\/strong> \/ Munich &#8211; Allemagne<br \/>\nInterior-Corporate &#8211; Bicom communication<\/p>\n<p><strong>2013 A.R.E. Design Awards<\/strong> \/ Chicago &#8211; \u00c9.-U.<br \/>\nRestaurants and Casual Dining &#8211; Bistro Kinoya<\/p>\n<p><strong>2012<\/strong>&nbsp;<strong>International Property Awards<\/strong>&nbsp;\/&nbsp;Londres, R.-U.<br \/>\nBest Leisure Interior Canada &#8211; Bistro Kinoya<\/p>\n<p><strong>2012<\/strong>&nbsp;<strong>Finaliste Concours de design Ubisoft Montr\u00e9al<\/strong> \/&nbsp;Montr\u00e9al, Canada<br \/>\nR\u00e9am\u00e9nagement du studio Ubisoft&nbsp;&#8211;&nbsp;En consortium avec Vad Associ\u00e9s Designers,&nbsp;H\u00e9lo\u00efse Thibodeau Architecte, Zone Signature, Upperkut et Technorme<\/p>\n<p><strong>2010<\/strong>&nbsp;<strong>International Property Awards<\/strong>&nbsp;\/&nbsp;Londres, R.-U.<br \/>\nBest Interior Design Americas&nbsp;&#8211;&nbsp;Upperkut<\/p>\n<p><strong>2010<\/strong>&nbsp;<strong>International Property Awards<\/strong>&nbsp;\/&nbsp;Londres, R.-U.<br \/>\nHighly Commanded Design&nbsp;&#8211; Kazumi Sushi Lounge<\/p>\n<p><strong>2010<\/strong>&nbsp;<strong>Prix Int\u00e9rieurs Ferdie<\/strong>&nbsp;\/&nbsp;Montr\u00e9al, Canada<br \/>\nBureau de moins de&nbsp;5 000 pi<sup>2<\/sup>&nbsp;&#8211;&nbsp;Upperkut<\/p>\n<h2>LIVRES<\/h2>\n<p>2016&nbsp;Store Book&nbsp;<i>&nbsp;\/<\/i>&nbsp;Munich<br \/>\nNemeau Fish Store<\/p>\n<p>2016 I-Plus&nbsp;<i>&nbsp;\/<\/i>&nbsp;Medical Interior \/ Cor\u00e9e<br \/>\nPharmacie Uniprix DIX30 + Clinique M\u00e9dicale<\/p>\n<p>2015 Custom-Made Office 3&nbsp;<i>&nbsp;\/<\/i>&nbsp;Shenzhen<br \/>\nBicom<\/p>\n<p>2015 Let&rsquo;s Get Out Again&nbsp;<i>&nbsp;\/<\/i>&nbsp;Berlin<br \/>\nIzakaya Kinoya<\/p>\n<p>2015 ARCHITEKTUR, fachmagazine, #05<i>&nbsp;\/<\/i>&nbsp;Autriche<br \/>\nNemeau<\/p>\n<p>2015 AN, Shop fitting magazine, #128<i>&nbsp;\/<\/i>&nbsp;Italie<br \/>\nNemeau<\/p>\n<p>2014&nbsp;<em>Pencilcase<strong> \/<\/strong>&nbsp;<\/em>Cor\u00e9e du Sud<br \/>\nRestaurant Raso\u00ef<\/p>\n<p>2014<strong>&nbsp;<em>Top Space &amp; Art IV<b>&nbsp;\/<\/b><\/em><\/strong>&nbsp;Chine<br \/>\nBicom Communications<\/p>\n<p>2014&nbsp;<em>Stylish Restaurants<strong> \/<\/strong><\/em>&nbsp;Chine<br \/>\nRestaurant Raso\u00ef &#8211; Bistro Kinoya<\/p>\n<p>2014<strong>&nbsp;<em>Global interior design annual Guide 2013\/2014 \/<\/em><\/strong>&nbsp;Chine<br \/>\nBistro Kinoya<\/p>\n<p>2013<strong>&nbsp;<em>Color Complex \/<\/em><\/strong>&nbsp;Chine<br \/>\nBar Le Lounge<\/p>\n<p>2013<strong>&nbsp;<em>Workshop #09 \/<\/em><\/strong>&nbsp;Chine<br \/>\n<em>Creative commercial space + concept &#8211;&nbsp;<\/em>Bistro Kinoya<\/p>\n<p>2012<strong>&nbsp;<em>Stylish Restaurants \/<\/em><\/strong>&nbsp;Chine<br \/>\nKazumi Sushi Lounge<\/p>\n<p>2012&nbsp;<em>Dreamwork Space 2 &#8211; Working is fun \/<\/em>&nbsp;Chine<br \/>\nBar Le Lounge<\/p>\n<p>2012&nbsp;<em>Retail Spaces-Restaurants and Bars \/<\/em>&nbsp;\u00c9.-U.<br \/>\nKazumi Sushi Lounge &#8211; Bar Le Lounge<\/p>\n<p>2011&nbsp;<em>Top Space &amp; Art II \/<\/em>&nbsp;Chine<br \/>\nUpperkut<\/p>\n<p>2011&nbsp;<em>The Selected of International Commercial Space \/<\/em>&nbsp;Chine<br \/>\nKazumi Sushi Lounge<\/p>\n<p>2011&nbsp;<em>Best Collection of International&nbsp;Commercial Space<\/em> (HUSTP) \/ Chine<br \/>\nKazumi Sushi Lounge<\/p>\n<p>2010&nbsp;<em>Dream Work Space Corporate Design \/<\/em>&nbsp;Chine<br \/>\nUpperkut<\/p>\n<p>2010&nbsp;<em>The Latest Global Show Flat Collection \/<\/em>&nbsp;Chine<br \/>\nR\u00e9sidence Moreau<\/p>\n<h2>MAGAZINE ET JOURNAUX<\/h2>\n<p>2017&nbsp;Evoque Magazine,&nbsp;Abril-Mayo 2017<i>&nbsp;\/<\/i>&nbsp;Espagne<br \/>\nThe Standard Cafe<\/p>\n<p>2017&nbsp;Chic Haus&nbsp;Magazine,&nbsp;August&nbsp;2017<i>&nbsp;\/<\/i>&nbsp;Mexique<br \/>\nIzakaya Kinoya<\/p>\n<p>2017&nbsp;Handels Journal, August&nbsp;2017<i>&nbsp;\/<\/i>&nbsp;Allemagne<br \/>\nNemeau<\/p>\n<p>2017&nbsp;Trends Magazine,&nbsp;no.64&nbsp;2017<i>&nbsp;\/<\/i>&nbsp;Portugal<br \/>\nThe Standard Cafe<\/p>\n<p>2016&nbsp;Desino Interior, Automne 2016<i>&nbsp;\/<\/i>&nbsp;Espagne<br \/>\nPixMob<\/p>\n<p>2016 Pharmacien et Entrepreneur, septembre-octobre 2016<i>&nbsp;\/<\/i>&nbsp;Canada<br \/>\nUniprix DIX30 Kieu Truong<\/p>\n<p>2016 Bathroom + Kitchen, Juillet&nbsp;2016<i>&nbsp;\/<\/i>&nbsp;Singapour<br \/>\nNemeau<\/p>\n<p>2016 Interior Design Magazine, May&nbsp;2016<i>&nbsp;\/<\/i>&nbsp;New York<br \/>\nPixMob<\/p>\n<p>2016 Id+C, #260<i>&nbsp;\/<\/i>&nbsp;Chine<br \/>\nUniprix DIX30 + Centre M\u00e9dicale<\/p>\n<p>2016 AIT, #02<i>&nbsp;\/<\/i>&nbsp;Germany<br \/>\nPharmacie Uniprix DIX30<\/p>\n<p>2016 INTERIEURS, #68<i>&nbsp;\/<\/i>&nbsp;Canada<br \/>\nPharmacie Uniprix DIX30 + Nemeau<\/p>\n<p>2015&nbsp;BOB, International Magazine of Space Design, #132<i>&nbsp;\/<\/i>&nbsp;Cor\u00e9e du Sud<br \/>\nNemeau<\/p>\n<p>2015 ARCHITEKTUR, fachmagazine, #05<i>&nbsp;\/<\/i>&nbsp;Autriche<br \/>\nNemeau<\/p>\n<p>2015 AN, Shop fitting magazine, #128<i>&nbsp;\/<\/i>&nbsp;Italie<br \/>\nNemeau<\/p>\n<p>2015&nbsp;House Trends Magazine #55<i>&nbsp;\/<\/i>&nbsp;Portugal<br \/>\nIzakaya Kinoya<\/p>\n<p>2015 Interieurs&nbsp;Magazine #65<i>&nbsp;\/<\/i>&nbsp;Montr\u00e9al<br \/>\nIzakaya Kinoya<\/p>\n<p>2014&nbsp;<i>Interior Design Magazine \/<\/i>&nbsp;New York<br \/>\nChez Carl Tapas \u2013&nbsp;<i>Hot Spots<\/i><\/p>\n<p>2014&nbsp;<em>AMC \/<\/em>France<br \/>\nBicom Communications<br \/>\n<em>Int\u00e9rieurs 2014<\/em><\/p>\n<p>2014&nbsp;<em>BOB, International Magazine of Space Design<\/em>, n\u00b0 123 \/ Cor\u00e9e du Sud<br \/>\nIzakaya Kinoya<\/p>\n<p>2014 <em>Interni Decor \/&nbsp;<\/em>Cor\u00e9e du Sud<br \/>\nProfil sur Jean de Lessard &#8211; designers cr\u00e9atifs<\/p>\n<p>2014&nbsp;<em>Arca International \/&nbsp;<\/em>Monaco<br \/>\nBicom Communications&nbsp;<em>In &amp; Out<\/em><\/p>\n<p>2014&nbsp;<em>Canadian Interior \/&nbsp;<\/em>Canada<br \/>\nChez Carl Tapas &amp; BBQ&nbsp;<em>Chaos Theory<\/em><\/p>\n<p>2014&nbsp;<em>id+c \/&nbsp;<\/em>Chine<br \/>\nChez Carl Tapas &amp; BBQ&nbsp;<em>The Magic of Geometry<\/em><\/p>\n<p>2014&nbsp;<em>Decora by Vivir bien \/<\/em>&nbsp;Panama<br \/>\nBicom Communications&nbsp;<em>La teoria del caos<\/em><\/p>\n<p>2014&nbsp;<em>Imobiliare \/&nbsp;<\/em>Br\u00e9sil<br \/>\nRestaurant Raso\u00ef &#8211;&nbsp;<em>Sensa\u00e7\u00f5es da \u00cdndia<\/em><\/p>\n<p>2014&nbsp;<em>MD Furniture Design and Interior \/<\/em>&nbsp;Bulgarie<br \/>\nBicom Communications&nbsp;<em>Bicom Village<\/em><\/p>\n<p>2014&nbsp;<em>BOB, International Magazine of Space Design<\/em>, n\u00b0 116 \/ Cor\u00e9e du Sud<br \/>\nBicom Communications<\/p>\n<p>2014&nbsp;<em>Casa, Journal de Montr\u00e9al \/<\/em>&nbsp;Canada<br \/>\nBicom Communications<\/p>\n<p>2014&nbsp;<em>Touch \/&nbsp;<\/em>Liban<br \/>\nBicom Communications&nbsp;<em>A Unifying Space of Inspiration<\/em><\/p>\n<p>2014&nbsp;<em>Chic Haus \/<\/em>&nbsp;Mexique<br \/>\nBicom Communications<\/p>\n<p>2013&nbsp;<em>DDn<\/em>, n\u00b0 199 \/ Italie<br \/>\nRestaurant Raso\u00ef<\/p>\n<p>2013&nbsp;<em>House Trends<\/em>, n\u00b0 50 \/ Portugal<br \/>\nRestaurant Raso\u00ef&nbsp;<em>Organized Chaos<\/em><\/p>\n<p>2013 <em>Int\u00e9rieurs, <\/em>n\u00b0 61 \/ Canada<br \/>\nBicom Communications <em>Un espace d\u2019\u00e9change inspir\u00e9<\/em><\/p>\n<p>2013&nbsp;<em>BOB, International Magazine of Space Design<\/em>, n\u00b0 111 \/ Cor\u00e9e du Sud<br \/>\nRestaurant Raso\u00ef<\/p>\n<p>2013&nbsp;<em>id+c \/&nbsp;<\/em>Chine<br \/>\nBistro Kinoya&nbsp;<em>In Full Bloom<\/em><\/p>\n<p>2013&nbsp;<em>Decor Revista \/<\/em>&nbsp;Argentine<br \/>\nBistro Kinoya&nbsp;<em>Un guino a la tradicion<\/em><\/p>\n<p>2013&nbsp;<em>Touch, Beirut \/&nbsp;<\/em>Liban<br \/>\nBistro Kinoya&nbsp;<em>At the Unconventional Japanese Bistro<\/em><\/p>\n<p>2013&nbsp;<em>A.R.E, Retail Environments \/&nbsp;<\/em>\u00c9.-U.<br \/>\nGrand Prize&nbsp;Bistro Kinoya<\/p>\n<p>2012&nbsp;<em>Modern Decoration, <\/em>n\u00b0 267 \/ Chine<br \/>\nBar Le Lounge<\/p>\n<p>2012&nbsp;<em>Azure<\/em>, n\u00b0 220 \/ Canada<br \/>\nBistro Kinoya&nbsp;<em>Mega Manga<\/em><\/p>\n<p>2011&nbsp;<em>Mensh &amp; Buro \/<\/em>&nbsp;Allemagne<br \/>\nUpperkut&nbsp;<em>Ora et Labora<\/em><\/p>\n<p>2011&nbsp;<em>\u00c0 Table!, Poiesis \/<\/em>&nbsp;Canada<br \/>\nKazumi Sushi Lounge<\/p>\n<p>2011&nbsp;<em>S Moda \/<\/em>&nbsp;Espagne<br \/>\nUpperkut&nbsp;<em>Best office in the world<\/em><\/p>\n<p>2011&nbsp;<em>H.O.M.E. \/<\/em>&nbsp;Autriche<br \/>\nUpperkut<\/p>\n<p>2011&nbsp;<em>Glocal Design \/<\/em>&nbsp;Mexique<br \/>\nUpperkut<\/p>\n<p>2011&nbsp;<em>Newsweek Poland<\/em>, rubrique <em>Lifestyle \/<\/em>&nbsp;Pologne<br \/>\nUpperkut<\/p>\n<p>2010 I<em>nt\u00e9rieurs<\/em>, n\u00b0 52 \/ Canada<br \/>\nUpperkut&nbsp;<em>De la religion \u00e0 la cr\u00e9ation<\/em><\/p>\n<p>2010&nbsp;<em>AIT \/<\/em>&nbsp;Allemagne<br \/>\nUpperkut&nbsp;<em>Upperkut in Montreal<\/em><\/p>\n<p>2010&nbsp;<em>The Bund \/<\/em>&nbsp;Chine<br \/>\nUpperkut<\/p>\n<p>2010&nbsp;<em>Le Quotidien<\/em>, cahier <em>Toit et moi \/<\/em>&nbsp;Canada<br \/>\nUpperkut<\/p>\n<p>2010&nbsp;<em>Men\u2019s Vogue \/<\/em>&nbsp;Br\u00e9sil<br \/>\nUpperkut<\/p>\n<h2>T\u00c9L\u00c9VISION ET RADIO<\/h2>\n<p>2016&nbsp;Archi-Branch\u00e9s, Canal Savoir&nbsp;\/ Canada<br \/>\nIzakaya Kinoya &#8211; Restaurant Raso\u00ef<\/p>\n<p>2016&nbsp;\u00c7a vaut le co\u00fbt, T\u00e9l\u00e9-Qu\u00e9bec&nbsp;\/ Canada<br \/>\nPharmacie Uniprix Dix30<\/p>\n<p>2014&nbsp;<em>Guide Resto Voir<\/em>, Canal \u00c9vasion \/ Canada<br \/>\nBistro Kinoya<\/p>\n<p>2013&nbsp;\u00c9mission <em>Cinq \u00e0 Six<\/em>, CBC Radio \/ Canada<br \/>\nRestaurant Raso\u00ef<\/p>\n<p>2013&nbsp;\u00c9mission <em>Le design est partout<\/em>, ARTV \/ Canada<br \/>\nJean de Lessard, invit\u00e9 expert<\/p>\n<p>2011&nbsp;\u00c9mission <em>1 X 5<\/em>, CASA TV \/ Canada<br \/>\nUpperkut<\/p>\n","protected":false},"excerpt":{"rendered":"<p>PRIX 2019 Prix Bois Design \/ Qu\u00e9bec &#8211; Canada Laur\u00e9at Bois d\u2019Argent &#8211; Bureau Jean de Lessard \u2013 Designers Cr\u00e9atifs 2019&nbsp;GRAND&nbsp;PRIX DU DESIGN&nbsp;\/&nbsp;Montr\u00e9al&nbsp;&#8211;&nbsp;Canada Couleur &#8211; Bureau ManyVids 2018&nbsp;GRAND&nbsp;PRIX DU DESIGN&nbsp;\/&nbsp;Montr\u00e9al&nbsp;&#8211;&nbsp;Canada Caf\u00e9&nbsp;&#8211; The Standard Cafe 2018&nbsp;Restaurants &amp; Bars Design Awards&nbsp;\/&nbsp;London &#8211;&nbsp;UK Shortlist&nbsp;&#8211;&nbsp;Ganadara Bar 2018&nbsp;Best of Minimalist Interior Design&nbsp;\/&nbsp;London&nbsp;&#8211;&nbsp;UK Caf\u00e9&nbsp;&#8211; The Standard Cafe 2017 Best of Canada [&hellip;]<\/p>\n","protected":false},"author":1,"featured_media":0,"parent":16,"menu_order":5,"comment_status":"closed","ping_status":"closed","template":"","meta":{"_acf_changed":false,"footnotes":""},"class_list":["post-18","page","type-page","status-publish","hentry"],"acf":[],"_links":{"self":[{"href":"https:\/\/delessard.com\/fr\/wp-json\/wp\/v2\/pages\/18","targetHints":{"allow":["GET"]}}],"collection":[{"href":"https:\/\/delessard.com\/fr\/wp-json\/wp\/v2\/pages"}],"about":[{"href":"https:\/\/delessard.com\/fr\/wp-json\/wp\/v2\/types\/page"}],"author":[{"embeddable":true,"href":"https:\/\/delessard.com\/fr\/wp-json\/wp\/v2\/users\/1"}],"replies":[{"embeddable":true,"href":"https:\/\/delessard.com\/fr\/wp-json\/wp\/v2\/comments?post=18"}],"version-history":[{"count":61,"href":"https:\/\/delessard.com\/fr\/wp-json\/wp\/v2\/pages\/18\/revisions"}],"predecessor-version":[{"id":1694,"href":"https:\/\/delessard.com\/fr\/wp-json\/wp\/v2\/pages\/18\/revisions\/1694"}],"up":[{"embeddable":true,"href":"https:\/\/delessard.com\/fr\/wp-json\/wp\/v2\/pages\/16"}],"wp:attachment":[{"href":"https:\/\/delessard.com\/fr\/wp-json\/wp\/v2\/media?parent=18"}],"curies":[{"name":"wp","href":"https:\/\/api.w.org\/{rel}","templated":true}]}}