{"id":30,"date":"2014-10-07T13:47:06","date_gmt":"2014-10-07T17:47:06","guid":{"rendered":"http:\/\/delessard.com\/?page_id=30"},"modified":"2019-04-02T11:57:08","modified_gmt":"2019-04-02T15:57:08","slug":"awards","status":"publish","type":"page","link":"https:\/\/delessard.com\/en\/about\/awards\/","title":{"rendered":"AWARDS &#038; HONOURS"},"content":{"rendered":"<h2><strong>AWARDS &amp; HONOURS<\/strong><\/h2>\n<p><strong>2019 GRAND PRIX DU DESIGN<\/strong>\u00a0\/\u00a0Montreal &#8211;\u00a0Canada<br \/>\nColors &#8211; Office ManyVids<\/p>\n<p><strong>2018 GRAND PRIX DU DESIGN<\/strong>\u00a0\/\u00a0Montreal &#8211;\u00a0Canada<br \/>\nCaf\u00e9 &#8211; The Standard Cafe<\/p>\n<p><strong>2018\u00a0Restaurants &amp; Bars Design Awards<\/strong>\u00a0\/\u00a0London\u00a0&#8211;\u00a0UK<br \/>\nShortlist\u00a0&#8211;\u00a0Ganadara Bar<\/p>\n<p><strong>2018\u00a0Best of Minimalist Interior Design<\/strong>\u00a0\/\u00a0London\u00a0&#8211;\u00a0UK<br \/>\nCaf\u00e9\u00a0&#8211; The Standard Cafe<\/p>\n<p><strong>2017 Best of Canada Design Awards<\/strong>\u00a0\/ Toronto\u00a0&#8211;\u00a0Canada<br \/>\nHospitality &#8211; The Standard Cafe<\/p>\n<p><strong>2017 30 Design Studios Making Their Marks<\/strong>\u00a0\/ Toronto\u00a0&#8211;\u00a0Canada<br \/>\nAzure Magazine<\/p>\n<p><strong>2016 GRAND PRIX DU DESIGN<\/strong>\u00a0\/ L\u00e9vis\u00a0&#8211;\u00a0Canada<br \/>\nRetail\u00a0-1600pi\u00a0&#8211;\u00a0Poissonnerie Nemeau<\/p>\n<p><strong>2016 GRAND PRIX DU DESIGN<\/strong>\u00a0\/ Montr\u00e9al\u00a0&#8211;\u00a0Canada<br \/>\nRetail\u00a0+5000pi\u00a0&#8211;\u00a0Pharmacie Uniprix DIX30<\/p>\n<p><strong>2016\u00a0A.R.E. Design Awards<\/strong>\u00a0\/ Las Vegas\u00a0&#8211;\u00a0USA<br \/>\nGrand Prize\u00a0&#8211; Specialty Food Retailer &#8211; Poissonnerie Nemeau<\/p>\n<p><strong>2015 Restaurants and Bars Design Awards<\/strong>\u00a0\/ London\u00a0&#8211;\u00a0UK<br \/>\nIzakaya Kinoya\u00a0Finalist<\/p>\n<p><strong>2015 GRAND PRIX DU DESIGN<\/strong>\u00a0\/ Montr\u00e9al\u00a0&#8211;\u00a0Canada<br \/>\nRestaurant -2000pi\u00a0&#8211;\u00a0Izakaya Kinoya<\/p>\n<p><strong>2015 GRAND PRIX DU DESIGN<\/strong>\u00a0\/ Montr\u00e9al\u00a0&#8211;\u00a0Canada<br \/>\nValorisation du bois\u00a0&#8211;\u00a0Izakaya Kinoya<\/p>\n<p><strong>2014 \u00a0Interior Design Best of Year<\/strong><em>\u00a0New York<\/em>\u00a0\/\u00a0USA<br \/>\nMerit\u00a0&#8211; Bicom Communications<\/p>\n<p><strong>2014 \u00a0Interior Design Best of Year<\/strong><em>\u00a0New York<\/em>\u00a0\/\u00a0USA<br \/>\nFinalist\u00a0&#8211; Casual Dining &#8211;\u00a0Izakaya Kinoya<\/p>\n<p><strong>2014\u00a0\u00a0<\/strong><em><strong>Iconic<\/strong> <strong>Design<\/strong> <strong>Awards<\/strong>\u00a0<strong>Munich<\/strong><\/em>\u00a0\/\u00a0Germany<br \/>\nWinner Interior\u00a0&#8211; Corporate\u00a0Bicom Communications<\/p>\n<p><strong>2013\u00a0A.R.E Design Awards Chicago<\/strong>\u00a0\/\u00a0USA<br \/>\nRestaurants and Casual Dining &#8211;\u00a0Bistro Kinoya<\/p>\n<p><strong>2012\u00a0<\/strong><em><strong>International Property Awards<\/strong>\u00a0\/\u00a0<\/em>London, UK<br \/>\nBest Leisure Interior Canada &#8211;\u00a0Bistro Kinoya<\/p>\n<p><strong>2012\u00a0Finalist <\/strong><em><strong>Design Competition Ubisoft Montr\u00e9al<\/strong> \/\u00a0<\/em>Montr\u00e9al, Canada<br \/>\nDevelopment of Ubisoft Studio &#8211;\u00a0In partnership with Vad Associ\u00e9s Designers, H\u00e9lo\u00efse Thibodeau Architecte, Zone Signature, Upperkut and Technorme<\/p>\n<p><strong>2010\u00a0<\/strong><em><strong>International Property Awards<\/strong> \/\u00a0<\/em>London, UK<br \/>\nBest Interior Design Americas &#8211;\u00a0Upperkut<\/p>\n<p><strong>2010\u00a0<\/strong><em><strong>International Property Awards<\/strong> \/\u00a0<\/em>London, UK<br \/>\nHighly Commanded Design &#8211;\u00a0Kazumi Sushi Lounge<\/p>\n<p><strong>2010\u00a0<\/strong><em><strong>Prix Int\u00e9rieurs|Ferdie<\/strong> \/\u00a0<\/em>Montr\u00e9al, Canada<br \/>\nOffice under 5,000 ft<sup>2 <\/sup>&#8211; Upperkut<\/p>\n<h2>BOOKS<\/h2>\n<p>2016 Store Book<em>\u00a0\/\u00a0Munich<\/em><br \/>\nPoissonnerie Nemeau<\/p>\n<p>2016 I-Plus\u00a0<i>\u00a0\/<\/i>\u00a0Medical Interior \/\u00a0Korea<br \/>\nPharmacy Uniprix DIX30 + M\u00e9dical Center<\/p>\n<p>2015\u00a0let&#8217;s Get Out Again<em>\u00a0\/\u00a0Berlin<\/em><br \/>\nIzakaya Kinoya<\/p>\n<p>2015 Custom-Made Office 3\u00a0<i>\u00a0\/<\/i>\u00a0Shenzhen<br \/>\nBicom<\/p>\n<p>2014\u00a0<em>Pencilcase \/\u00a0<\/em>South Korea<br \/>\nRestaurant Raso\u00ef<\/p>\n<p>2014 <em>Top Space &amp; Art IV \/<\/em>\u00a0China<br \/>\nBicom Communications<\/p>\n<p>2014\u00a0<em>Stylish Restaurants \/<\/em>\u00a0China<br \/>\nRestaurant Raso\u00ef &#8211; Bistro Kinoya<\/p>\n<p>2014\u00a0<em>Global interior design annual Guide 2013\/2014 \/<\/em>\u00a0China<br \/>\nBistro Kinoya<\/p>\n<p>2013\u00a0<em>Color Complex \/<\/em>\u00a0China<br \/>\nBar Le Lounge<\/p>\n<p>2013\u00a0<em>Workshop # 09 \/<\/em>\u00a0China<br \/>\n<em>Creative commercial space + concept &#8211;\u00a0<\/em>Bistro Kinoya<\/p>\n<p>2012\u00a0<em>Stylish Restaurants \/<\/em>\u00a0China<br \/>\nKazumi Sushi Lounge<\/p>\n<p>2012\u00a0<em>Dreamwork Space 2-Working is fun \/<\/em>\u00a0China<br \/>\nBar Le Lounge<\/p>\n<p>2012\u00a0<em>Retail Spaces-Restaurants and Bars \/<\/em>\u00a0USA<br \/>\nKazumi Sushi Lounge\u00a0&#8211;\u00a0Bar Le Lounge<\/p>\n<p>2011\u00a0<em>Top Space &amp; Art II \/<\/em>\u00a0China<br \/>\nUpperkut<\/p>\n<p>2011<br \/>\n<em>The Selected of International Commercial Space \/<\/em>\u00a0China<br \/>\nKazumi Sushi Lounge<\/p>\n<p>2011<br \/>\n<em>Best Collection of International\u00a0Commercial Space<\/em> (HUSTP) \/ China<br \/>\nKazumi Sushi Lounge<\/p>\n<p>2010<br \/>\n<em>Dream Work Space Corporate Design \/<\/em>\u00a0China<br \/>\nUpperkut<\/p>\n<p>2010\u00a0<em>The Latest Global Show Flat Collection \/<\/em>\u00a0China<br \/>\nR\u00e9sidence Moreau<\/p>\n<h2>Magazines and newspapers<\/h2>\n<p>2017\u00a0Evoque Magazine, Abril-Mayo 2017<i>\u00a0\/<\/i>\u00a0Espagne<br \/>\nThe Standard Cafe<\/p>\n<p>2017 Chic Haus\u00a0Magazine, August\u00a02017<i>\u00a0\/<\/i>\u00a0Mexico<br \/>\nIzakaya Kinoya<\/p>\n<p>2017 Handels Journal, August\u00a02017<i>\u00a0\/<\/i>\u00a0Germany<br \/>\nNemeau<\/p>\n<p>2017 Trends Magazine, no.64\u00a02017<i>\u00a0\/<\/i>\u00a0Portugal<br \/>\nThe Standard Cafe<\/p>\n<p>2016\u00a0Desino Interior, Automne 2016<i>\u00a0\/<\/i>\u00a0Espagne<br \/>\nPixMob<\/p>\n<p>2016 Pharmacien et Entrepreneur, septembre-octobre 2016<i>\u00a0\/<\/i>\u00a0Canada<br \/>\nUniprix DIX30 Kieu Truong<\/p>\n<p>2016 Bathroom + Kitchen, Juillet\u00a02016<i>\u00a0\/<\/i>\u00a0Singapour<br \/>\nNemeau<\/p>\n<p>2016 Interior Design Magazine, May\u00a02016<i>\u00a0\/<\/i>\u00a0New York<br \/>\nPixMob<\/p>\n<p>2016 Id+C, #260<i>\u00a0\/<\/i>\u00a0Chine<br \/>\nUniprix DIX30 + Centre M\u00e9dicale<\/p>\n<p>2016 AIT, #02<i>\u00a0\/<\/i>\u00a0Germany<br \/>\nPharmacie Uniprix DIX30<\/p>\n<p>2016 INTERIEURS, #68<i>\u00a0\/<\/i>\u00a0Canada<br \/>\nPharmacie Uniprix DIX30 + Nemeau<\/p>\n<p>2015 ARCHITEKTUR, fachmagazine, #08<i>\u00a0\/<\/i>\u00a0Austria<span class=\"s2 mono-font\"><br \/>\nPharmacie Uniprix DIX30<\/span><\/p>\n<p>2015 DARC, #13<i>\u00a0\/<\/i>\u00a0UK<br \/>\nNemeau<\/p>\n<p>2015 AIT, #09<i>\u00a0\/<\/i>\u00a0Germany<br \/>\nNemeau<\/p>\n<p>2015 ARCHITEKTUR, fachmagazine, #05<i>\u00a0\/<\/i>\u00a0Austria<br \/>\nNemeau<\/p>\n<p>2015 AN, Shop fitting magazine, #128<i>\u00a0\/<\/i>\u00a0Italy<br \/>\nNemeau<\/p>\n<p>2015\u00a0BOB,International Magazine of Space Design, #132<i>\u00a0\/<\/i>\u00a0South Korea<br \/>\nNemeau<\/p>\n<p>2015\u00a0House Trends Magazine #55<i>\u00a0\/<\/i>\u00a0Portugal<br \/>\nIzakaya Kinoya<\/p>\n<p>2015 Interieurs\u00a0Magazine #65<i>\u00a0\/<\/i>\u00a0Montr\u00e9al<br \/>\nIzakaya Kinoya<\/p>\n<p>2014\u00a0<i>Interior Design Magazine \/<\/i>\u00a0New York<br \/>\nChez Carl Tapas \u2013\u00a0<i>Hot Spots<\/i><\/p>\n<p>2014\u00a0Surface<i>\u00a0Magazine #114\u00a0\/<\/i>\u00a0New York<br \/>\nIzakaya kinoya\u00a0\u2013 Cocktail inspired by Kinoya<\/p>\n<p>2014 <em>AMC \/<\/em>\u00a0France<br \/>\nBicom Communications &#8211;\u00a0<em>Int\u00e9rieurs 2014<\/em><\/p>\n<p>2014\u00a0<em>BOB, International Magazine of Space Design<\/em>, #123\u00a0\/\u00a0South Korea<br \/>\nIzakaya Kinoya<\/p>\n<p>2014\u00a0<em>Interni Decor \/\u00a0<\/em>South Korea<br \/>\nProfile of Jean de Lessard, designers cr\u00e9atifs<\/p>\n<p>2014\u00a0<em>Arca International \/\u00a0<\/em>Monaco<br \/>\nBicom Communications &#8211;\u00a0<em>In &amp; Out<\/em><\/p>\n<p>2014\u00a0<em>Canadian Interior \/\u00a0<\/em>Canada<br \/>\nChez Carl Tapas &amp; BBQ &#8211;\u00a0<em>Chaos Theory<\/em><\/p>\n<p>2014\u00a0<em>id+c \/\u00a0<\/em>China<br \/>\nChez Carl Tapas &amp; BBQ \/\u00a0<em>The Magic of Geometry<\/em><\/p>\n<p>2014\u00a0<em>Decora by Vivir bien \/<\/em>\u00a0Panama<br \/>\nBicom Communications &#8211;\u00a0<em>La teoria del caos<\/em><\/p>\n<p>2014\u00a0<em>Imobiliare \/\u00a0<\/em>Brazil<br \/>\nRestaurant Raso\u00ef &#8211;\u00a0<em>Sensa\u00e7\u00f5es da \u00cdndia<\/em><\/p>\n<p>2014\u00a0<em>MD Furniture Design and Interior \/<\/em>\u00a0Bulgaria<br \/>\nBicom Communications &#8211;\u00a0<em>Bicom Village<\/em><\/p>\n<p>2014\u00a0<em>BOB, International Magazine of Space Design<\/em>, #116 \/ South Korea<br \/>\nBicom Communications<\/p>\n<p>2014\u00a0<em>Casa, Journal de Montr\u00e9al \/<\/em>\u00a0Canada<br \/>\nBicom Communications<\/p>\n<p>2014\u00a0<em>Touch \/\u00a0<\/em>Lebanon<br \/>\nBicom Communications &#8211;\u00a0<em>A Unifying Space of Inspiration<\/em><\/p>\n<p>2014\u00a0<em>Chic Haus \/<\/em>\u00a0Mexico<br \/>\nBicom Communications<\/p>\n<p>2013\u00a0<em>DDn<\/em>, #199 \/ Italy<br \/>\nRestaurant Raso\u00ef<\/p>\n<p>2013\u00a0<em>House Trends<\/em>, #50 \/ Portugal<br \/>\nRestaurant Raso\u00ef &#8211;\u00a0<em>Organized Chaos<\/em><\/p>\n<p>2013 <em>Int\u00e9rieurs, <\/em>#61 \/ Canada<br \/>\nBicom Communications &#8211;\u00a0<em>A space that inspires exchange<\/em><\/p>\n<p>2013\u00a0<em>BOB, International Magazine of Space Design<\/em>, #111 \/ South Korea<br \/>\nRestaurant Raso\u00ef<\/p>\n<p>2013\u00a0<em>id+c \/\u00a0<\/em>China<br \/>\nBistro Kinoya &#8211;\u00a0<em>In Full Bloom<\/em><\/p>\n<p>2013\u00a0<em>Decor Revista \/<\/em>\u00a0Argentina<br \/>\nBistro Kinoya &#8211;\u00a0<em>Un guino a la tradicion<\/em><\/p>\n<p>2013\u00a0<em>Touch \/\u00a0<\/em>Lebanon<br \/>\nBistro Kinoya &#8211;\u00a0<em>At the Unconventional Japanese Bistro<\/em><\/p>\n<p>2013\u00a0<em>A.R.E, Retail Environments \/\u00a0<\/em>USA<br \/>\nGrand Prize &#8211;\u00a0Bistro Kinoya<\/p>\n<p>2012\u00a0<em>Modern Decoration, <\/em>#267 \/ China<br \/>\nBar Le Lounge<\/p>\n<p>2012\u00a0<em>Azure<\/em>, #220 \/ Canada<br \/>\nBistro Kinoya &#8211;\u00a0<em>Mega Manga<\/em><\/p>\n<p>2011\u00a0<em>Mensh &amp; Buro \/<\/em>\u00a0Germany<br \/>\nUpperkut &#8211;\u00a0<em>Ora et Labora<\/em><\/p>\n<p>2011\u00a0<em>\u00c0 Table!, Poiesis \/<\/em>\u00a0Canada<br \/>\nKazumi Sushi Lounge<\/p>\n<p>2011\u00a0<em>S Moda \/<\/em>\u00a0Spain<br \/>\n<em>Best office in the world &#8211;\u00a0<\/em>Upperkut<\/p>\n<p>2011\u00a0<em>H.O.M.E. \/<\/em>\u00a0Austria<br \/>\nUpperkut<\/p>\n<p>2011\u00a0<em>Glocal Design \/<\/em>\u00a0Mexico<br \/>\nUpperkut<\/p>\n<p>2011\u00a0<em>Newsweek Poland<\/em>, <em>Lifestyle<\/em> section \/ Poland<br \/>\nUpperkut<\/p>\n<p>2010 I<em>nt\u00e9rieurs<\/em>, #52 \/ Canada<br \/>\nUpperkut &#8211;\u00a0<em>From religion to creation<\/em><\/p>\n<p>2010\u00a0<em>AIT \/<\/em>\u00a0Germany<br \/>\nUpperkut &#8211;\u00a0<em>Upperkut in Montreal<\/em><\/p>\n<p>2010\u00a0<em>The Bund \/<\/em>\u00a0China<br \/>\nUpperkut<\/p>\n<p>2010\u00a0<em>Le Quotidien<\/em>, <em>Toit et moi<\/em> section \/ Canada<br \/>\nUpperkut<\/p>\n<p>2010\u00a0<em>Men\u2019s Vogue \/<\/em>\u00a0Brazil<br \/>\nUpperkut<\/p>\n<h2>Television and radio<\/h2>\n<p>2016\u00a0Archi-Branch\u00e9s, Canal Savoir\u00a0\/ Canada<br \/>\nIzakaya Kinoya &amp; Restaurant Raso\u00ef<\/p>\n<p>2016\u00a0\u00c7a vaut le co\u00fbt\u00a0, T\u00e9l\u00e9-Qu\u00e9bec\u00a0\/ Canada<br \/>\nPharmacie Uniprix Dix30<\/p>\n<p>2014\u00a0<em>Guide Resto Voir<\/em>, Canal \u00c9vasion \/ Canada<br \/>\nIzakaya Kinoya<\/p>\n<p>2013\u00a0<em>Cinq \u00e0 Six <\/em>program, CBC Radio \/ Canada<br \/>\nRestaurant Raso\u00ef<\/p>\n<p>2013\u00a0<em>Le design est partout<\/em> program, ARTV \/ Canada<br \/>\nJean de Lessard, visiting consultant<\/p>\n<p>2011\u00a0<em>1 X 5 <\/em>program, CASA TV \/ Canada<br \/>\nUpperkut<\/p>\n","protected":false},"excerpt":{"rendered":"<p>AWARDS &amp; HONOURS 2019 GRAND PRIX DU DESIGN\u00a0\/\u00a0Montreal &#8211;\u00a0Canada Colors &#8211; Office ManyVids 2018 GRAND PRIX DU DESIGN\u00a0\/\u00a0Montreal &#8211;\u00a0Canada Caf\u00e9 &#8211; The Standard Cafe 2018\u00a0Restaurants &amp; Bars Design Awards\u00a0\/\u00a0London\u00a0&#8211;\u00a0UK Shortlist\u00a0&#8211;\u00a0Ganadara Bar 2018\u00a0Best of Minimalist Interior Design\u00a0\/\u00a0London\u00a0&#8211;\u00a0UK Caf\u00e9\u00a0&#8211; The Standard Cafe 2017 Best of Canada Design Awards\u00a0\/ Toronto\u00a0&#8211;\u00a0Canada Hospitality &#8211; The Standard Cafe 2017 30 Design [&hellip;]<\/p>\n","protected":false},"author":1,"featured_media":0,"parent":28,"menu_order":5,"comment_status":"closed","ping_status":"closed","template":"","meta":{"_acf_changed":false,"footnotes":""},"class_list":["post-30","page","type-page","status-publish","hentry"],"acf":[],"_links":{"self":[{"href":"https:\/\/delessard.com\/en\/wp-json\/wp\/v2\/pages\/30","targetHints":{"allow":["GET"]}}],"collection":[{"href":"https:\/\/delessard.com\/en\/wp-json\/wp\/v2\/pages"}],"about":[{"href":"https:\/\/delessard.com\/en\/wp-json\/wp\/v2\/types\/page"}],"author":[{"embeddable":true,"href":"https:\/\/delessard.com\/en\/wp-json\/wp\/v2\/users\/1"}],"replies":[{"embeddable":true,"href":"https:\/\/delessard.com\/en\/wp-json\/wp\/v2\/comments?post=30"}],"version-history":[{"count":50,"href":"https:\/\/delessard.com\/en\/wp-json\/wp\/v2\/pages\/30\/revisions"}],"predecessor-version":[{"id":1628,"href":"https:\/\/delessard.com\/en\/wp-json\/wp\/v2\/pages\/30\/revisions\/1628"}],"up":[{"embeddable":true,"href":"https:\/\/delessard.com\/en\/wp-json\/wp\/v2\/pages\/28"}],"wp:attachment":[{"href":"https:\/\/delessard.com\/en\/wp-json\/wp\/v2\/media?parent=30"}],"curies":[{"name":"wp","href":"https:\/\/api.w.org\/{rel}","templated":true}]}}